{"id":277846,"date":"2025-03-11T15:00:50","date_gmt":"2025-03-11T14:00:50","guid":{"rendered":"https:\/\/www.feuerlandhoefe.de\/imprint\/"},"modified":"2026-03-02T13:27:55","modified_gmt":"2026-03-02T12:27:55","slug":"imprint","status":"publish","type":"page","link":"https:\/\/www.feuerlandhoefe.de\/en\/imprint\/","title":{"rendered":"Imprint"},"content":{"rendered":"<p>[et_pb_section fb_built=&#8221;1&#8243; _builder_version=&#8221;4.27.4&#8243; _module_preset=&#8221;default&#8221; global_colors_info=&#8221;{}&#8221;][et_pb_row column_structure=&#8221;3_5,2_5&#8243; _builder_version=&#8221;4.27.4&#8243; _module_preset=&#8221;default&#8221; global_colors_info=&#8221;{}&#8221;][et_pb_column type=&#8221;3_5&#8243; _builder_version=&#8221;4.27.4&#8243; _module_preset=&#8221;default&#8221; pac_dcm_carousel_specific_module_num=&#8221;0&#8243; global_colors_info=&#8221;{}&#8221;][et_pb_text _builder_version=&#8221;4.27.4&#8243; _module_preset=&#8221;baaf5b09-ce36-43b4-91b4-a2166ffe1dc4&#8243; locked=&#8221;off&#8221; global_colors_info=&#8221;{}&#8221;]<\/p>\n<h2>Imprint<\/h2>\n<p>[\/et_pb_text][et_pb_text _builder_version=&#8221;4.27.4&#8243; _module_preset=&#8221;df2311e2-b326-431b-8363-1a1dee759806&#8243; ul_font_size=&#8221;1em&#8221; ul_letter_spacing=&#8221;-0.3px&#8221; ul_line_height=&#8221;1.6em&#8221; header_3_font_size=&#8221;18px&#8221; custom_margin=&#8221;||-3px|||&#8221; custom_css_free_form=&#8221;selector h2, h3 {||  padding-bottom:25px;||}||||selector ul li {||    padding-bottom: 20px;||}&#8221; locked=&#8221;off&#8221; global_colors_info=&#8221;{}&#8221;]<\/p>\n<p> This legal notice also applies to the other websites of Zahn\u00e4rzte Feuerlandh\u00f6fe GbR, including: https:\/\/wurzelbehandlung-mitte.de\/, <a href=\"https:\/\/zahnarztangst.berlin\/\" target=\"_blank\" rel=\"noopener\">https:\/\/zahnarztangst.berlin\/<\/a><\/p>\n<h2><\/h2>\n<h2>Responsible for the content according to \u00a7 5 DDG:<\/h2>\n<p>Dentists Feuerlandh\u00f6fe GbR<br \/>Dr. med. dent. Stefan Vo\u00df<br \/>Dr. med. dent. Nicolas Wackerbeck<br \/>Chausseestrasse 38<br \/>10115 Berlin-Mitte  <\/p>\n<p>Phone: +49 (0) 30 &#8211; 555 183 10<br \/>E-mail: <a href=\"mailto:info@feuerlandhoefe.de\">info@feuerlandhoefe.de<\/a><\/p>\n<h3><\/h3>\n<h3>Professional titles (awarded in the Federal Republic of Germany):<\/h3>\n<p>Dr. med. dent. Stefan Vo\u00df \u2013 Zahnarzt<br \/>Dr. med. dent. Nicolas Wackerbeck \u2013 Zahnarzt und Fachzahnarzt f\u00fcr Oralchirurgie<br \/>Josepha Wirausky \u2013 <span>Angestellte Zahn\u00e4rztin<\/span><span><br \/>Dr. Maryam Chuadja &#8211; Angestellte Zahn\u00e4rztin<br \/><\/span>  <\/p>\n<h3><\/h3>\n<h3>Competent supervisory authority<\/h3>\n<p>Berlin State Office for Health and Social Affairs<br \/>Turmstr. 21<br \/>10559 Berlin <\/p>\n<h3><\/h3>\n<h3>Competent chamber:<\/h3>\n<p>Berlin Dental Association<br \/>Stallstr. 1<br \/>10585 Berlin<br \/>Phone (030) 34 808 0<br \/>Fax (030) 34 808 200<br \/>E-mail: info(at)zaek-berlin.de<br \/><a href=\"http:\/\/www.zaek-berlin.de\/\" target=\"_blank\" rel=\"noopener\">http:\/\/www.zaek-berlin.de\/<\/a><\/p>\n<h3><\/h3>\n<h3>Responsible Association of Statutory Health Insurance Dentists:<\/h3>\n<p>Kassenzahn\u00e4rztliche Vereinigung Berlin<br \/>K\u00f6rperschaft des \u00f6ffentlichen Rechts (Kd\u00f6R)<br \/>Georg-Wilhelm-Stra\u00dfe 16<br \/>10711 Berlin<br \/>Tel: 0 30 8 90 04-0 (Zentrale)<br \/>Fax: 0 30 8 90 04-102<br \/>E-Mail: kontakt(at)kzv-berlin.de<br \/>Web: www.kzv-berlin.de<\/p>\n<h3><\/h3>\n<h3>Professional regulations:<\/h3>\n<p>Law on the Practice of Dentistry (ZHG); Berlin Chamber Law for the Medical Professions; Professional Code of Conduct (of the Berlin Dental Association); GOZ.<br \/>The above-mentioned regulations can be viewed on the website of the Berlin Dental Association at: http:\/\/www.zaek-berlin.de\/<\/p>\n<h3><\/h3>\n<h3><\/h3>\n<h3>Information on online dispute resolution<\/h3>\n<p>The EU Commission has created an internet platform for the online settlement of disputes (so-called &#8216;ODR platform&#8217;). The ODR platform serves as a contact point for the out-of-court settlement of disputes arising from online service contracts. The ODR platform can be accessed via the following link: https:\/\/ec.europa.eu\/consumers\/odr\/  <\/p>\n<h3><\/h3>\n<h3>Out-of-court dispute resolution<\/h3>\n<p>We are neither willing nor obliged to participate in a dispute resolution procedure before a consumer arbitration board in accordance with the &#8216;Act on Alternative Dispute Resolution in Consumer Matters (VSBG)&#8217;.<\/p>\n<h3><\/h3>\n<h2>Disclaimer<\/h2>\n<h3>Liability for content<\/h3>\n<p>The contents of our pages have been created with the greatest care. However, we cannot accept any liability for the accuracy, completeness and topicality of the content. As a service provider, we are responsible for our own content on these pages in accordance with general legislation. However, as a service provider, we are not obliged to monitor transmitted or stored third-party information or to investigate circumstances that indicate illegal activity. Obligations to remove or block the use of information in accordance with general legislation remain unaffected by this. However, liability in this respect is only possible from the time of knowledge of a specific infringement. As soon as we become aware of such infringements, we will remove this content immediately.      <\/p>\n<h3>Liability for links<\/h3>\n<p>Our website contains links to external third-party websites over whose content we have no influence. Therefore, we cannot accept any liability for this third-party content. The respective provider or operator of the pages is always responsible for the content of the linked pages. The linked pages were checked for possible legal violations at the time of linking. Illegal content was not recognizable at the time of linking. However, permanent monitoring of the content of the linked pages is not reasonable without concrete evidence of an infringement. If we become aware of any legal infringements, we will remove such links immediately.      <\/p>\n<h3>Copyright<\/h3>\n<p>  The content and works created by the site operators on these pages are subject to German copyright law. Duplication, processing, distribution and any form of commercialization of such material beyond the scope of the copyright law shall require the prior written consent of its respective author or creator. Downloads and copies of this site are only permitted for private, non-commercial use. Insofar as the content on this site was not created by the operator, the copyrights of third parties are respected. In particular, third-party content is identified as such. Should you nevertheless become aware of a copyright infringement, please inform us accordingly. If we become aware of any infringements, we will remove such content immediately.      <\/p>\n<p>Status: 07.02.2025<\/p>\n<p>[\/et_pb_text][\/et_pb_column][et_pb_column type=&#8221;2_5&#8243; _builder_version=&#8221;4.27.4&#8243; _module_preset=&#8221;default&#8221; pac_dcm_carousel_specific_module_num=&#8221;0&#8243; global_colors_info=&#8221;{}&#8221;][\/et_pb_column][\/et_pb_row][\/et_pb_section]<\/p>\n","protected":false},"excerpt":{"rendered":"<p>Imprint This legal notice also applies to the other websites of Zahn\u00e4rzte Feuerlandh\u00f6fe GbR, including: https:\/\/wurzelbehandlung-mitte.de\/, https:\/\/zahnarztangst.berlin\/ Responsible for the content according to \u00a7 5 DDG: Dentists Feuerlandh\u00f6fe GbRDr. med. dent. Stefan Vo\u00dfDr. med. dent. Nicolas WackerbeckChausseestrasse 3810115 Berlin-Mitte Phone: +49 (0) 30 &#8211; 555 183 10E-mail: info@feuerlandhoefe.de Professional titles (awarded in the Federal Republic [&hellip;]<\/p>\n","protected":false},"author":1,"featured_media":0,"parent":0,"menu_order":0,"comment_status":"closed","ping_status":"closed","template":"","meta":{"_et_pb_use_builder":"on","_et_pb_old_content":"","_et_gb_content_width":"","footnotes":""},"dipi_cpt_category":[],"class_list":["post-277846","page","type-page","status-publish","hentry"],"_links":{"self":[{"href":"https:\/\/www.feuerlandhoefe.de\/en\/wp-json\/wp\/v2\/pages\/277846","targetHints":{"allow":["GET"]}}],"collection":[{"href":"https:\/\/www.feuerlandhoefe.de\/en\/wp-json\/wp\/v2\/pages"}],"about":[{"href":"https:\/\/www.feuerlandhoefe.de\/en\/wp-json\/wp\/v2\/types\/page"}],"author":[{"embeddable":true,"href":"https:\/\/www.feuerlandhoefe.de\/en\/wp-json\/wp\/v2\/users\/1"}],"replies":[{"embeddable":true,"href":"https:\/\/www.feuerlandhoefe.de\/en\/wp-json\/wp\/v2\/comments?post=277846"}],"version-history":[{"count":3,"href":"https:\/\/www.feuerlandhoefe.de\/en\/wp-json\/wp\/v2\/pages\/277846\/revisions"}],"predecessor-version":[{"id":278783,"href":"https:\/\/www.feuerlandhoefe.de\/en\/wp-json\/wp\/v2\/pages\/277846\/revisions\/278783"}],"wp:attachment":[{"href":"https:\/\/www.feuerlandhoefe.de\/en\/wp-json\/wp\/v2\/media?parent=277846"}],"wp:term":[{"taxonomy":"dipi_cpt_category","embeddable":true,"href":"https:\/\/www.feuerlandhoefe.de\/en\/wp-json\/wp\/v2\/dipi_cpt_category?post=277846"}],"curies":[{"name":"wp","href":"https:\/\/api.w.org\/{rel}","templated":true}]}}